{"id":1284,"date":"2020-05-10T16:21:02","date_gmt":"2020-05-10T16:21:02","guid":{"rendered":"https:\/\/lumieres-de-loire.fr\/in-der-naehe-des-ferienhauses-lumieres-de-loire\/"},"modified":"2020-07-27T14:44:01","modified_gmt":"2020-07-27T14:44:01","slug":"in-der-naehe-des-ferienhauses-lumieres-de-loire","status":"publish","type":"page","link":"https:\/\/lumieres-de-loire.fr\/de\/in-der-naehe-des-ferienhauses-lumieres-de-loire\/","title":{"rendered":"UMGEBUNG"},"content":{"rendered":"<p><div class=\"fusion-fullwidth fullwidth-box fusion-builder-row-1 nonhundred-percent-fullwidth non-hundred-percent-height-scrolling\" style=\"--awb-background-position:center bottom;--awb-border-radius-top-left:0px;--awb-border-radius-top-right:0px;--awb-border-radius-bottom-right:0px;--awb-border-radius-bottom-left:0px;--awb-padding-top:3%;--awb-flex-wrap:wrap;\" ><div class=\"fusion-builder-row fusion-row\"><div class=\"fusion-layout-column fusion_builder_column fusion-builder-column-0 fusion_builder_column_1_1 1_1 fusion-one-full fusion-column-first fusion-column-last fusion-animated\" style=\"--awb-bg-size:cover;--awb-margin-bottom:60px;\" data-animationType=\"fadeInDown\" data-animationDuration=\"1.0\" data-animationOffset=\"top-into-view\"><div class=\"fusion-column-wrapper fusion-column-has-shadow fusion-flex-column-wrapper-legacy\"><div class=\"fusion-title title fusion-title-1 fusion-sep-none fusion-title-center fusion-title-text fusion-title-size-one\" style=\"--awb-margin-top-small:0px;--awb-margin-right-small:0px;--awb-margin-bottom-small:20px;--awb-margin-left-small:0px;\"><h1 class=\"fusion-title-heading title-heading-center fusion-responsive-typography-calculated\" style=\"margin:0;--fontSize:45;line-height:1.2;\">In der N\u00e4he des Ferienhauses \u201eLumi\u00e8res de Loire\u201c<\/h1><\/div><div class=\"fusion-text fusion-text-1\"><p style=\"text-align: right;\">Zwischen Angers, Stadt der Herrscherdynastie und Saumur, Hauptstadt der Reitkunst, ist die Region mit dem herrlichen Loiretal voll von au\u00dfergew\u00f6hnlichen Sehensw\u00fcrdigkeiten und Aktivit\u00e4ten rund um Geschichte, Natur, Pflanzen und Gastronomie, die man auf vielf\u00e4ltige Art und Weise entdecken kann.<\/p>\n<\/div><div class=\"fusion-sep-clear\"><\/div><div class=\"fusion-separator\" style=\"margin-left: auto;margin-right: auto;margin-bottom:30px;width:100%;max-width:170px;\"><div class=\"fusion-separator-border sep-single sep-solid\" style=\"--awb-height:20px;--awb-amount:20px;--awb-sep-color:#000000;border-color:#000000;border-top-width:2px;\"><\/div><\/div><div class=\"fusion-sep-clear\"><\/div><div class=\"fusion-clearfix\"><\/div><\/div><\/div><\/div><\/div><div class=\"fusion-fullwidth fullwidth-box fusion-builder-row-2 nonhundred-percent-fullwidth non-hundred-percent-height-scrolling\" style=\"--awb-border-radius-top-left:0px;--awb-border-radius-top-right:0px;--awb-border-radius-bottom-right:0px;--awb-border-radius-bottom-left:0px;--awb-flex-wrap:wrap;\" ><div class=\"fusion-builder-row fusion-row\"><div class=\"fusion-layout-column fusion_builder_column fusion-builder-column-1 fusion_builder_column_1_1 1_1 fusion-one-full fusion-column-first fusion-column-last\" style=\"--awb-bg-size:cover;\"><div class=\"fusion-column-wrapper fusion-column-has-shadow fusion-flex-column-wrapper-legacy\"><div class=\"fusion-title title fusion-title-2 fusion-sep-none fusion-title-text fusion-title-size-two\" style=\"--awb-margin-top-small:0px;--awb-margin-right-small:0px;--awb-margin-bottom-small:20px;--awb-margin-left-small:0px;\"><h2 class=\"fusion-title-heading title-heading-left fusion-responsive-typography-calculated\" style=\"margin:0;--fontSize:30;line-height:1.5;\">Ideen f\u00fcr Spazierg\u00e4nge, Wanderungen und Aktivit\u00e4ten<\/h2><\/div><div class=\"fusion-clearfix\"><\/div><\/div><\/div><div class=\"fusion-layout-column fusion_builder_column fusion-builder-column-2 fusion_builder_column_1_2 1_2 fusion-one-half fusion-column-first\" style=\"--awb-bg-size:cover;width:50%;width:calc(50% - ( ( 4% ) * 0.5 ) );margin-right: 4%;\"><div class=\"fusion-column-wrapper fusion-column-has-shadow fusion-flex-column-wrapper-legacy\"><div class=\"fusion-text fusion-text-2\"><p style=\"text-align: justify;\"><strong>Das Ferienhaus liegt im Herzen einer Region mit einem reichen und bemerkenswerten Natur- und historischen Erbe, das zum Weltkulturerbe der UNESCO geh\u00f6rt. <\/strong><\/p>\n<p style=\"text-align: justify;\">Viele au\u00dfergew\u00f6hnliche Aktivit\u00e4ten und Sehensw\u00fcrdigkeiten sind in Reichweite.<\/p>\n<p>Die Loire, ihre <strong>Ufer<\/strong>, ihre H\u00fcgel mit ihren <strong>Weinbergen<\/strong> und <strong>Troglodyten<\/strong> H\u00f6hlen, <strong>ihr Flusstal voller G\u00e4rten und Gem\u00fcseanbau<\/strong>, ihre <strong>Schl\u00f6sser<\/strong> und Schlossg\u00e4rten werden Sie <strong>verzaubern<\/strong>. <strong>Der regionale Naturpark \u201eLoire Anjou Touraine\u201c<\/strong> umschlie\u00dft die ganze Region zwischen Angers und Saumur und wird Sie sicherlich positiv \u00fcberraschen.<\/p>\n<p>Diese Region kann f\u00fcr unvergessliche Erinnerungen auf vielf\u00e4ltige Art und Weise entdecken werden: entweder <strong>zu Fu\u00df, mit dem Fahrrad, mit dem Auto, mit dem Boot<\/strong>, beritten oder sogar mit dem <strong>Hei\u00dfluftballon<\/strong>.<\/p>\n<p>Schlie\u00dflich, weniger als eineinhalb Stunden entfernt, an den Grenzen von <strong>Anjou<\/strong>, erreichen Sie den \u201e<a href=\"https:\/\/www.puydufou.com\/de?language_content_entity=de\"><strong>Puy du Fou<\/strong><\/a>\u201c und das <strong>\u201e<a href=\"https:\/\/www.futuroscope.com\/en\/broschure-in-deutscher-sprache\">Futuroscope<\/a>\u201c,<\/strong> zwei bekannte Freizeitparks in Frankreich.<\/p>\n<\/div><div class=\"fusion-sep-clear\"><\/div><div class=\"fusion-separator\" style=\"margin-left: auto;margin-right: auto;margin-bottom:30px;width:100%;max-width:170px;\"><div class=\"fusion-separator-border sep-single sep-solid\" style=\"--awb-height:20px;--awb-amount:20px;--awb-sep-color:#000000;border-color:#000000;border-top-width:2px;\"><\/div><\/div><div class=\"fusion-sep-clear\"><\/div><div class=\"fusion-clearfix\"><\/div><\/div><\/div><div class=\"fusion-layout-column fusion_builder_column fusion-builder-column-3 fusion_builder_column_1_2 1_2 fusion-one-half fusion-column-last\" style=\"--awb-bg-size:cover;width:50%;width:calc(50% - ( ( 4% ) * 0.5 ) );\"><div class=\"fusion-column-wrapper fusion-column-has-shadow fusion-flex-column-wrapper-legacy\"><div class=\"fusion-text fusion-text-3\"><p><img decoding=\"async\" class=\"aligncenter size-full wp-image-1332\" src=\"https:\/\/lumieres-de-loire.fr\/wp-content\/uploads\/2020\/05\/loire-velo-vignes-visites.jpg\" alt=\"visite loire \u00e0 v\u00e9lo \" width=\"1250\" height=\"937\" srcset=\"https:\/\/lumieres-de-loire.fr\/wp-content\/uploads\/2020\/05\/loire-velo-vignes-visites-200x150.jpg 200w, https:\/\/lumieres-de-loire.fr\/wp-content\/uploads\/2020\/05\/loire-velo-vignes-visites-300x225.jpg 300w, https:\/\/lumieres-de-loire.fr\/wp-content\/uploads\/2020\/05\/loire-velo-vignes-visites-400x300.jpg 400w, https:\/\/lumieres-de-loire.fr\/wp-content\/uploads\/2020\/05\/loire-velo-vignes-visites-600x450.jpg 600w, https:\/\/lumieres-de-loire.fr\/wp-content\/uploads\/2020\/05\/loire-velo-vignes-visites-768x576.jpg 768w, https:\/\/lumieres-de-loire.fr\/wp-content\/uploads\/2020\/05\/loire-velo-vignes-visites-800x600.jpg 800w, https:\/\/lumieres-de-loire.fr\/wp-content\/uploads\/2020\/05\/loire-velo-vignes-visites-1024x768.jpg 1024w, https:\/\/lumieres-de-loire.fr\/wp-content\/uploads\/2020\/05\/loire-velo-vignes-visites-1200x900.jpg 1200w, https:\/\/lumieres-de-loire.fr\/wp-content\/uploads\/2020\/05\/loire-velo-vignes-visites.jpg 1250w\" sizes=\"(max-width: 1250px) 100vw, 1250px\" \/><\/p>\n<\/div><div class=\"fusion-sep-clear\"><\/div><div class=\"fusion-separator\" style=\"margin-left: auto;margin-right: auto;margin-bottom:30px;width:100%;max-width:170px;\"><div class=\"fusion-separator-border sep-single sep-solid\" style=\"--awb-height:20px;--awb-amount:20px;--awb-sep-color:#000000;border-color:#000000;border-top-width:2px;\"><\/div><\/div><div class=\"fusion-sep-clear\"><\/div><div class=\"fusion-clearfix\"><\/div><\/div><\/div><div class=\"fusion-layout-column fusion_builder_column fusion-builder-column-4 fusion_builder_column_1_2 1_2 fusion-one-half fusion-column-first\" style=\"--awb-bg-size:cover;width:50%;width:calc(50% - ( ( 4% ) * 0.5 ) );margin-right: 4%;\"><div class=\"fusion-column-wrapper fusion-column-has-shadow fusion-flex-column-wrapper-legacy\"><div class=\"fusion-text fusion-text-4\"><p><em><span style=\"font-size: 20px;\"><strong><span style=\"font-size: 18px;\">\u2022 Der Ort und die direkte Umgebung <\/span><\/strong><\/span><\/em><\/p>\n<p>Neben der Loire sind <strong>weitere Orte zu entdecken<\/strong>, die ebenso majest\u00e4tisch wie unber\u00fchrt sind: Troglodyten Skulpturen, <strong>ein gallo-r\u00f6misches Amphitheater,<\/strong> M\u00fchlen, <strong>Dolmen<\/strong>, Menhire, <strong>Schl\u00f6sser<\/strong>, kleine D\u00f6rfer mit Charakter wie Le Thoureil mit herrlichem Blick auf die Loire, ihre <strong>traditionellen Boote<\/strong> und ihre funkelnden Tuffeau-H\u00e4user,&#8230;<a href=\"https:\/\/www.gennesvaldeloire.fr\/office-de-tourisme\" target=\"_blank\" rel=\"noopener noreferrer\">Office de tourisme \u00e0 Gennes-Val-de-Loire<\/a><\/p>\n<\/div><div class=\"fusion-text fusion-text-5\"><p><span style=\"font-size: 18px;\"><em><strong>\u2022 Zu entdecken in Saint Mathurin-sur-Loire (10 km): <\/strong><\/em><\/span><\/p>\n<p>Eine <a href=\"https:\/\/www.loire-odyssee.fr\/\">Ausstellung \u00fcber die Loire<\/a>, ihre Fauna, ihre Flora und ihre lebhafte Geschichte mit den Menschen.<\/p>\n<\/div><div class=\"fusion-text fusion-text-6\"><p><span style=\"font-size: 18px;\"><em><strong>\u2022 Saumur, die Hauptstadt des Reitens und Umgebung (15 km): <\/strong><\/em><\/span><\/p>\n<p>Stadt der Kunst und Geschichte (geschichtstr\u00e4chtige Kavallerieschule \u201e<a href=\"https:\/\/www.ifce.fr\/cadre-noir\">Cadre Noir<\/a>\u201c, Schloss Vorrenaissance (Anfang 13. Jahrhundert), <a href=\"https:\/\/www.museedesblindes.fr\/de\/\">Panzermuseum<\/a>, <a href=\"https:\/\/www.anjou-tourisme.com\/fr\/preparer-son-sejour\/manger-deguster\/ou-deguster-des-vins-de-loire\">Weine und Erkundung von renommierten Weinkellern<\/a>, <a href=\"https:\/\/www.musee-du-champignon.com\/de\/\">Pilze<\/a>, Troglodyten H\u00f6hlen,&#8230;)<\/p>\n<p>Webseite: <a href=\"https:\/\/www.ot-saumur.fr\" target=\"_blank\" rel=\"noopener noreferrer\">office du tourime Saumur<\/a><\/p>\n<\/div><div class=\"fusion-clearfix\"><\/div><\/div><\/div><div class=\"fusion-layout-column fusion_builder_column fusion-builder-column-5 fusion_builder_column_1_2 1_2 fusion-one-half fusion-column-last\" style=\"--awb-bg-size:cover;width:50%;width:calc(50% - ( ( 4% ) * 0.5 ) );\"><div class=\"fusion-column-wrapper fusion-column-has-shadow fusion-flex-column-wrapper-legacy\"><div class=\"fusion-text fusion-text-7\"><p><span style=\"font-size: 18px;\"><em><strong>\u2022 Dou\u00e9-La-Fontaine (17km):<\/strong><\/em><\/span><\/p>\n<ul style=\"list-style-type: circle;\">\n<li><a href=\"https:\/\/www.bioparc-zoo.fr\/\" target=\"_blank\" rel=\"noopener noreferrer\">Zoo Biopark<\/a><\/li>\n<li><a href=\"https:\/\/www.lescheminsdelarose.com\/\" target=\"_blank\" rel=\"noopener noreferrer\">Rosen<\/a><\/li>\n<li><a href=\"https:\/\/le-mystere-des-faluns.com\/\" target=\"_blank\" rel=\"noopener noreferrer\">Troglodyten H\u00f6hlen<\/a><\/li>\n<\/ul>\n<p><span style=\"font-size: 18px;\"><em><strong>\u2022 Fontevraud (30 km)\u00a0<\/strong><\/em><\/span><\/p>\n<p><a href=\"http:\/\/www.fontevraud.fr\" target=\"_blank\" rel=\"noopener noreferrer\">Abbaye Royale<\/a> k\u00f6nigliche Abtei im Jahr 1101 gegr\u00fcndet<\/p>\n<\/div><div class=\"fusion-text fusion-text-8\"><p><span style=\"font-size: 18px;\"><em><strong>\u2022 Angers Stadt der Herrscherdynastie und Umgebung (35 km): <\/strong><\/em><\/span><\/p>\n<p>Hochburg aus dem 13. Jahrhundert, die den Wandteppich der Apokalypse beherbergt, Jean-Lur\u00e7at Museum und zeitgen\u00f6ssischer Wandteppich, Schiefermuseum, <a href=\"https:\/\/www.terrabotanica.fr\" target=\"_blank\" rel=\"noopener noreferrer\">Terra Botanica<\/a> (Freizeitpark zum Thema Pflanzen).<\/p>\n<p><a href=\"https:\/\/www.tourisme.destination-angers.com\" target=\"_blank\" rel=\"noopener noreferrer\">Website des Fremdenverkehrsb\u00fcros Angers<\/a><\/p>\n<\/div><div class=\"fusion-text fusion-text-9\"><p><span style=\"font-size: 18px;\"><em><strong>\u2022 Maul\u00e9vrier (63 km)<\/strong><\/em><\/span><\/p>\n<ul style=\"list-style-type: circle;\">\n<li><a href=\"https:\/\/www.parc-oriental.com\/deutsch\/geschishte-des-orientalischen-parks\/\" target=\"_blank\" rel=\"noopener noreferrer\">Orientalischer Park <\/a>von Maul\u00e9vrier, der gr\u00f6\u00dfte japanische Garten in Europa, zu Beginn des 20. Jahrhunderts angelegt.<\/li>\n<li>Der Gem\u00fcsegarten vom <a href=\"https:\/\/www.chateaucolbert.com\/\">Schloss Colbert<\/a> (12. Jahrhundert)<\/li>\n<\/ul>\n<\/div><div class=\"fusion-clearfix\"><\/div><\/div><\/div><\/div><\/div><div class=\"fusion-fullwidth fullwidth-box fusion-builder-row-3 nonhundred-percent-fullwidth non-hundred-percent-height-scrolling\" style=\"--awb-border-radius-top-left:0px;--awb-border-radius-top-right:0px;--awb-border-radius-bottom-right:0px;--awb-border-radius-bottom-left:0px;--awb-flex-wrap:wrap;\" ><div class=\"fusion-builder-row fusion-row\"><div class=\"fusion-layout-column fusion_builder_column fusion-builder-column-6 fusion_builder_column_1_1 1_1 fusion-one-full fusion-column-first fusion-column-last\" style=\"--awb-bg-size:cover;\"><div class=\"fusion-column-wrapper fusion-column-has-shadow fusion-flex-column-wrapper-legacy\"><div class=\"fusion-sep-clear\"><\/div><div class=\"fusion-separator\" style=\"margin-left: auto;margin-right: auto;margin-bottom:30px;width:100%;max-width:170px;\"><div class=\"fusion-separator-border sep-single sep-solid\" style=\"--awb-height:20px;--awb-amount:20px;--awb-sep-color:#000000;border-color:#000000;border-top-width:2px;\"><\/div><\/div><div class=\"fusion-sep-clear\"><\/div><div class=\"fusion-text fusion-text-10\"><p><em><strong>\u2022 Es gibt die M\u00f6glichkeit vielen abwechslungsreichen Aktivit\u00e4ten nachzugehen: <\/strong><\/em><\/p>\n<\/div><div class=\"fusion-clearfix\"><\/div><\/div><\/div><div class=\"fusion-layout-column fusion_builder_column fusion-builder-column-7 fusion_builder_column_1_2 1_2 fusion-one-half fusion-column-first\" style=\"--awb-bg-size:cover;width:50%;width:calc(50% - ( ( 4% ) * 0.5 ) );margin-right: 4%;\"><div class=\"fusion-column-wrapper fusion-column-has-shadow fusion-flex-column-wrapper-legacy\"><ul style=\"--awb-size:18px;--awb-line-height:30.6px;--awb-icon-width:30.6px;--awb-icon-height:30.6px;--awb-icon-margin:12.6px;--awb-content-margin:43.2px;--awb-circlecolor:#d2b48c;--awb-circle-yes-font-size:15.84px;\" class=\"fusion-checklist fusion-checklist-1 fusion-checklist-default type-icons\"><li class=\"fusion-li-item\" style=\"\"><span class=\"icon-wrapper circle-yes\"><i class=\"fusion-li-icon fa-check fas\" aria-hidden=\"true\"><\/i><\/span><div class=\"fusion-li-item-content\">\n<p>Schwimmen im Freibad mit Rutsche und im Badesee von Gr\u00e9zill\u00e9<\/p>\n<\/div><\/li><li class=\"fusion-li-item\" style=\"\"><span class=\"icon-wrapper circle-yes\"><i class=\"fusion-li-icon fa-check fas\" aria-hidden=\"true\"><\/i><\/span><div class=\"fusion-li-item-content\">\n<p>Gem\u00e4ldeausstellungen und Handwerkskunst im Juli und August (\u201eToutes Toiles Dehors\u201c und \u201eEntrez dans l\u2019Atelier\u201c)<\/p>\n<\/div><\/li><li class=\"fusion-li-item\" style=\"\"><span class=\"icon-wrapper circle-yes\"><i class=\"fusion-li-icon fa-check fas\" aria-hidden=\"true\"><\/i><\/span><div class=\"fusion-li-item-content\">\n<p><a href=\"https:\/\/biscuiterie-le-vinaillou.fr\">Keksfabrik<\/a> der Vinaillou<\/p>\n<\/div><\/li><li class=\"fusion-li-item\" style=\"\"><span class=\"icon-wrapper circle-yes\"><i class=\"fusion-li-icon fa-check fas\" aria-hidden=\"true\"><\/i><\/span><div class=\"fusion-li-item-content\">\n<p><a href=\"https:\/\/www.pepiniere-rosesloubert.com\">Garten<\/a> mit alten Rosenarten und Wildrosen<\/p>\n<\/div><\/li><li class=\"fusion-li-item\" style=\"\"><span class=\"icon-wrapper circle-yes\"><i class=\"fusion-li-icon fa-check fas\" aria-hidden=\"true\"><\/i><\/span><div class=\"fusion-li-item-content\">\n<p><a href=\"https:\/\/www.moulin-de-sarre.fr\">Fernblick<\/a> auf die Loire von dem Glockenturm der Kirche, Besuch einer alten M\u00fchle<\/p>\n<\/div><\/li><li class=\"fusion-li-item\" style=\"\"><span class=\"icon-wrapper circle-yes\"><i class=\"fusion-li-icon fa-check fas\" aria-hidden=\"true\"><\/i><\/span><div class=\"fusion-li-item-content\">\n<p>Radtouren und Wanderungen, <a href=\"https:\/\/montgolfieres.fr\">Hei\u00dfluftballonfahrten<\/a><\/p>\n<\/div><\/li><li class=\"fusion-li-item\" style=\"\"><span class=\"icon-wrapper circle-yes\"><i class=\"fusion-li-icon fa-check fas\" aria-hidden=\"true\"><\/i><\/span><div class=\"fusion-li-item-content\">\n<p>Fischfang an der Loire und am Authion<\/p>\n<\/div><\/li><li class=\"fusion-li-item\" style=\"\"><span class=\"icon-wrapper circle-yes\"><i class=\"fusion-li-icon fa-check fas\" aria-hidden=\"true\"><\/i><\/span><div class=\"fusion-li-item-content\">\n<p><a href=\"https:\/\/www.anjou-tourisme.com\/fr\/voir-faire\/activites\/la-boule-de-fort-en-anjou\">Entdeckung der \u201eBoule de Fort\u201c<\/a>, einer traditionellen Sportart aus der Region Anjou, von den Kulturministerium als &#8222;jeu patrimoine lig\u00e9rien&#8220; klassifiziert<\/p>\n<\/div><\/li><li class=\"fusion-li-item\" style=\"\"><span class=\"icon-wrapper circle-yes\"><i class=\"fusion-li-icon fa-check fas\" aria-hidden=\"true\"><\/i><\/span><div class=\"fusion-li-item-content\">\n<p>W\u00e4lder in der N\u00e4he<\/p>\n<\/div><\/li><li class=\"fusion-li-item\" style=\"\"><span class=\"icon-wrapper circle-yes\"><i class=\"fusion-li-icon fa-check fas\" aria-hidden=\"true\"><\/i><\/span><div class=\"fusion-li-item-content\">\n<p><a href=\"http:\/\/www.canoes.fr\">Kanuverleih<\/a> 6 km entfernt<\/p>\n<\/div><\/li><li class=\"fusion-li-item\" style=\"\"><span class=\"icon-wrapper circle-yes\"><i class=\"fusion-li-icon fa-check fas\" aria-hidden=\"true\"><\/i><\/span><div class=\"fusion-li-item-content\">\n<p><a href=\"http:\/\/www.revesdeloire.fr\">Bootfahren<\/a> 6 km entfernt<\/p>\n<\/div><\/li><li class=\"fusion-li-item\" style=\"\"><span class=\"icon-wrapper circle-yes\"><i class=\"fusion-li-icon fa-check fas\" aria-hidden=\"true\"><\/i><\/span><div class=\"fusion-li-item-content\">\n<p><a href=\"https:\/\/www.anjou-tourisme.com\/fr\/preparer-son-sejour\/manger-deguster\/ou-deguster-des-vins-de-loire\" target=\"_blank\" rel=\"noopener noreferrer\">Anjou<\/a> Fernverkehr<\/p>\n<\/div><\/li><\/ul><div class=\"fusion-clearfix\"><\/div><\/div><\/div><div class=\"fusion-layout-column fusion_builder_column fusion-builder-column-8 fusion_builder_column_1_2 1_2 fusion-one-half fusion-column-last\" style=\"--awb-bg-size:cover;width:50%;width:calc(50% - ( ( 4% ) * 0.5 ) );\"><div class=\"fusion-column-wrapper fusion-column-has-shadow fusion-flex-column-wrapper-legacy\"><div class=\"fusion-text fusion-text-11\"><p><em><strong><span style=\"font-size: 18px;\">Lokale M\u00e4rkte:<\/span><\/strong><\/em><\/p>\n<ul style=\"list-style-type: circle;\">\n<li>Les Rosiers-sur-Loire: Am Montagmorgen \u2013 Mailplatz &#8211; (Place du Mail)<\/li>\n<li>Gennes: Am Dienstagmorgen &#8211; Republiksplatz (Place de La R\u00e9publique)<\/li>\n<\/ul>\n<\/div><div class=\"fusion-text fusion-text-12\"><p><em><strong><span style=\"font-size: 18px;\">Museen\u00a0<\/span><\/strong><\/em><\/p>\n<ul style=\"list-style-type: circle;\">\n<li><a href=\"https:\/\/www.museedesblindes.fr\/de\/\" target=\"_blank\" rel=\"noopener noreferrer\">Panzermuseum<\/a><\/li>\n<li><a href=\"https:\/\/www.musee-du-champignon.com\/de\/\" target=\"_blank\" rel=\"noopener noreferrer\">Pilzemuseum<\/a><\/li>\n<\/ul>\n<\/div><div class=\"fusion-text fusion-text-13\"><p><span style=\"font-size: 18px;\"><em><strong>Die Weinberge<\/strong><\/em><\/span><\/p>\n<p>Die <a href=\"https:\/\/www.anjou-tourisme.com\/fr\/preparer-son-sejour\/manger-deguster\/ou-deguster-des-vins-de-loire\">Weinberge der Loire<\/a><\/p>\n<\/div><div class=\"fusion-text fusion-text-14\"><p><iframe src=\"https:\/\/www.google.com\/maps\/d\/embed?mid=1YIdvbL7bg9ug3PvW-dmcUB2QX04TS9rh\" width=\"640\" height=\"280\"><\/iframe><\/p>\n<\/div><div class=\"fusion-clearfix\"><\/div><\/div><\/div><\/div><\/div><div class=\"fusion-fullwidth fullwidth-box fusion-builder-row-4 fusion-parallax-none nonhundred-percent-fullwidth non-hundred-percent-height-scrolling fusion-equal-height-columns\" style=\"--awb-border-radius-top-left:0px;--awb-border-radius-top-right:0px;--awb-border-radius-bottom-right:0px;--awb-border-radius-bottom-left:0px;--awb-padding-top:90px;--awb-padding-bottom:90px;--awb-background-image:linear-gradient(0deg, #0b2621 0%,rgba(255,255,255,0) 100%),url(https:\/\/lumieres-de-loire.fr\/wp-content\/uploads\/2020\/05\/location-gite-jardin-loire.jpg);;--awb-background-size:cover;--awb-flex-wrap:wrap;\" ><div class=\"fusion-builder-row fusion-row\"><div class=\"fusion-layout-column fusion_builder_column fusion-builder-column-9 fusion_builder_column_1_2 1_2 fusion-one-half fusion-column-first\" style=\"--awb-bg-size:cover;width:50%;width:calc(50% - ( ( 4% ) * 0.5 ) );margin-right: 4%;\"><div class=\"fusion-column-wrapper fusion-column-has-shadow fusion-flex-column-wrapper-legacy\"><div class=\"fusion-title title fusion-title-3 fusion-sep-none fusion-title-text fusion-title-size-two\" style=\"--awb-text-color:#ffffff;--awb-margin-top-small:0px;--awb-margin-right-small:0px;--awb-margin-bottom-small:20px;--awb-margin-left-small:0px;\"><h2 class=\"fusion-title-heading title-heading-left fusion-responsive-typography-calculated\" style=\"margin:0;--fontSize:30;line-height:1.5;\">Das Ferienhaus \u201eLumi\u00e8res de Loire\u201c<\/h2><\/div><div class=\"fusion-text fusion-text-15\"><p><span style=\"color: #ffffff;\">Ein sehr komfortables und ger\u00e4umiges Ferienhaus f\u00fcr gute Zeiten mit der Familie<\/span><\/p>\n<\/div><div class=\"fusion-clearfix\"><\/div><\/div><\/div><div class=\"fusion-layout-column fusion_builder_column fusion-builder-column-10 fusion_builder_column_1_2 1_2 fusion-one-half fusion-column-last\" style=\"--awb-bg-size:cover;width:50%;width:calc(50% - ( ( 4% ) * 0.5 ) );\"><div class=\"fusion-column-wrapper fusion-column-has-shadow fusion-flex-column-wrapper-legacy\"><div class=\"fusion-column-content-centered\"><div class=\"fusion-column-content\"><div class=\"fusion-alignright\"><a class=\"fusion-button button-flat button-xlarge button-default fusion-button-default button-1 fusion-button-default-span fusion-button-default-type fusion-no-small-visibility fusion-no-medium-visibility\" target=\"_self\" href=\"https:\/\/lumieres-de-loire.fr\/de\/preise-dienstleistungen-buchungen\/#reservation\"><span class=\"fusion-button-text awb-button__text awb-button__text--default\">BUCHEN<\/span><\/a><\/div><\/div><\/div><div class=\"fusion-clearfix\"><\/div><\/div><\/div><\/div><\/div><\/p>\n","protected":false},"excerpt":{"rendered":"","protected":false},"author":1,"featured_media":0,"parent":0,"menu_order":0,"comment_status":"closed","ping_status":"closed","template":"100-width.php","meta":{"footnotes":""},"class_list":["post-1284","page","type-page","status-publish","hentry"],"aioseo_notices":[],"_links":{"self":[{"href":"https:\/\/lumieres-de-loire.fr\/de\/wp-json\/wp\/v2\/pages\/1284","targetHints":{"allow":["GET"]}}],"collection":[{"href":"https:\/\/lumieres-de-loire.fr\/de\/wp-json\/wp\/v2\/pages"}],"about":[{"href":"https:\/\/lumieres-de-loire.fr\/de\/wp-json\/wp\/v2\/types\/page"}],"author":[{"embeddable":true,"href":"https:\/\/lumieres-de-loire.fr\/de\/wp-json\/wp\/v2\/users\/1"}],"replies":[{"embeddable":true,"href":"https:\/\/lumieres-de-loire.fr\/de\/wp-json\/wp\/v2\/comments?post=1284"}],"version-history":[{"count":15,"href":"https:\/\/lumieres-de-loire.fr\/de\/wp-json\/wp\/v2\/pages\/1284\/revisions"}],"predecessor-version":[{"id":1669,"href":"https:\/\/lumieres-de-loire.fr\/de\/wp-json\/wp\/v2\/pages\/1284\/revisions\/1669"}],"wp:attachment":[{"href":"https:\/\/lumieres-de-loire.fr\/de\/wp-json\/wp\/v2\/media?parent=1284"}],"curies":[{"name":"wp","href":"https:\/\/api.w.org\/{rel}","templated":true}]}}