{"id":1564,"date":"2020-05-20T15:24:04","date_gmt":"2020-05-20T15:24:04","guid":{"rendered":"https:\/\/lumieres-de-loire.fr\/privacy-policy\/"},"modified":"2020-05-20T15:28:01","modified_gmt":"2020-05-20T15:28:01","slug":"privacy-policy","status":"publish","type":"page","link":"https:\/\/lumieres-de-loire.fr\/en\/privacy-policy\/","title":{"rendered":"PRIVACY POLICY"},"content":{"rendered":"<div class=\"fusion-fullwidth fullwidth-box fusion-builder-row-1 nonhundred-percent-fullwidth non-hundred-percent-height-scrolling\" style=\"--awb-border-radius-top-left:0px;--awb-border-radius-top-right:0px;--awb-border-radius-bottom-right:0px;--awb-border-radius-bottom-left:0px;--awb-flex-wrap:wrap;\" ><div class=\"fusion-builder-row fusion-row\"><div class=\"fusion-layout-column fusion_builder_column fusion-builder-column-0 fusion_builder_column_1_1 1_1 fusion-one-full fusion-column-first fusion-column-last\" style=\"--awb-bg-size:cover;\"><div class=\"fusion-column-wrapper fusion-column-has-shadow fusion-flex-column-wrapper-legacy\"><div class=\"fusion-text fusion-text-1\"><p><em>Derni\u00e8re mise \u00e0 jour : mai 2020<\/em><\/p>\n<p>La pr\u00e9sente politique de confidentialit\u00e9 d\u00e9finit et vous informe de la mani\u00e8re dont G\u00eete Lumi\u00e8res de Loire utilise et prot\u00e8ge les informations que vous lui transmettez, le cas \u00e9ch\u00e9ant, lorsque vous utilisez le pr\u00e9sent site accessible \u00e0 partir de l\u2019URL suivante\u00a0: <a href=\"https:\/\/lumieres-de-loire.fr\/en\/\">https:\/\/lumieres-de-loire.fr\/<\/a><\/p>\n<p>Veuillez noter que cette politique de confidentialit\u00e9 est susceptible d\u2019\u00eatre modifi\u00e9e ou compl\u00e9t\u00e9e \u00e0 tout moment par G\u00eete Lumi\u00e8res de Loire, notamment en vue de se conformer \u00e0 toute \u00e9volution l\u00e9gislative, r\u00e9glementaire, jurisprudentielle ou technologique. Dans un tel cas, la date de sa mise \u00e0 jour sera clairement identifi\u00e9e en t\u00eate de la pr\u00e9sente politique. Ces modifications engagent l\u2019Utilisateur d\u00e8s leur mise en ligne. Il convient par cons\u00e9quent que l\u2019Utilisateur consulte r\u00e9guli\u00e8rement la pr\u00e9sente politique de confidentialit\u00e9 et d\u2019utilisation des cookies afin de prendre connaissance de ses \u00e9ventuelles modifications.<\/p>\n<p><strong>Identit\u00e9 du responsable du traitement<\/strong><\/p>\n<p>G\u00eete Lumi\u00e8res de Loire \u00a0&#8211; C\u00e9cile Coyez<br \/>\n19 Rue Quarte<br \/>\nLes Rosiers-sur-Loire, 49350 Gennes-Val-de-Loire<br \/>\ncecile.coyez[@]outlook.fr<\/p>\n<h2>Donn\u00e9es \u00e0 caract\u00e8re personnel<\/h2>\n<p>G\u00eete Lumi\u00e8res de Loire traite les donn\u00e9es \u00e0 caract\u00e8re personnel conform\u00e9ment au r\u00e8glement europ\u00e9en 2016\/679 relatif \u00e0 la protection des donn\u00e9es \u00e0 caract\u00e8re personnel (RGPD). Sont consid\u00e9r\u00e9es comme\u00a0donn\u00e9es \u00e0 caract\u00e8re personnel toutes les donn\u00e9es qui permettent de vous identifier directement ou indirectement, comme par exemple\u00a0votre pr\u00e9nom, votre nom de famille, votre adresse mail et votre adresse IP.<\/p>\n<p>La collecte de ces donn\u00e9es a lieu : <a href=\"https:\/\/lumieres-de-loire.fr\/en\/\">https:\/\/lumieres-de-loire.fr\/<\/a><\/p>\n<ul>\n<li><strong>d\u00e8s que vous consultez les pages du site\u00a0<\/strong><\/li>\n<li>lorsqu\u2019un lien vous m\u00e8ne vers un autre site, une application en ligne ou un r\u00e9seau social, c\u2019est aux conditions de traitement des donn\u00e9es de ces services que vous devez vous r\u00e9f\u00e9rer<\/li>\n<li><strong>lorsque vous prenez contact avec G\u00eete Lumi\u00e8res de Loire\u00a0<\/strong>via un email ou un formulaire web.<\/li>\n<\/ul>\n<h2>Donn\u00e9es trait\u00e9es<\/h2>\n<p>Les donn\u00e9es personnelles recueillies et trait\u00e9es automatiquement sont reprises dans le tableau qui suit.<\/p>\n<table style=\"width: 100%; border-collapse: collapse;\" border=\"1px\">\n<tbody>\n<tr>\n<td style=\"width: 50%;\"><strong>Situations<\/strong><\/td>\n<td style=\"width: 50%;\"><strong>Donn\u00e9es personnelles recueillies et trait\u00e9es<\/strong><\/td>\n<\/tr>\n<tr>\n<td style=\"width: 50%;\">Vous consultez une ou plusieurs pages<\/td>\n<td style=\"width: 50%;\">Adresse IP<\/td>\n<\/tr>\n<tr>\n<td style=\"width: 50%;\">Vous me contactez via un formulaire \u00e9lectronique<br \/>\nou par e-mail.<\/td>\n<td style=\"width: 50%;\">Nom, pr\u00e9nom, adresse e-mail, num\u00e9ro de t\u00e9l\u00e9phone, informations postales, que vous encodez.<\/p>\n<p>Echanges d\u2019e-mails via le formulaire de contact et les messageries.<\/p>\n<p>M\u00e9tadonn\u00e9es li\u00e9es ou non \u00e0 votre e-mail.<\/td>\n<\/tr>\n<\/tbody>\n<\/table>\n<p>Des donn\u00e9es qui ne sont pas \u00e0 caract\u00e8re personnel sont \u00e9galement r\u00e9colt\u00e9es automatiquement sans faire de lien avec votre adresse IP, donc en respectant votre anonymat. Elles sont utilis\u00e9es pour \u00e9tablir des statistiques et pour am\u00e9liorer le contenu (choix de la langue, moteur de recherche utilis\u00e9, mots-cl\u00e9s utilis\u00e9s, site par lequel vous \u00eates arriv\u00e9, pages consult\u00e9es, dur\u00e9e de consultation par page, date et heure d\u2019acc\u00e8s, navigateur utilis\u00e9, plate-forme et\/ou syst\u00e8me d\u2019exploitation). La plateforme utilis\u00e9e est Google Analytics.<\/p>\n<p>Vous pouvez emp\u00eacher l\u2019utilisation et le d\u00e9p\u00f4t de ce cookie sur votre poste en vous rendant sur ce <a href=\"https:\/\/tools.google.com\/dlpage\/gaoptout?hl=fr.\" target=\"_blank\" rel=\"noopener noreferrer\">lien<\/a>.<\/p>\n<h2>Finalit\u00e9s des traitements<\/h2>\n<p>Des donn\u00e9es personnelles sont collect\u00e9es et trait\u00e9es afin de :<\/p>\n<ul>\n<li>vous informer<\/li>\n<li>r\u00e9pondre \u00e0 vos questions<\/li>\n<li>traiter les dossiers qui vous concernent<\/li>\n<\/ul>\n<p>Des donn\u00e9es sont \u00e9galement recueillies et trait\u00e9es\u00a0de fa\u00e7on anonyme :<\/p>\n<ul>\n<li>\u00e0 des fins statistiques et qualitatives, en vue d\u2019am\u00e9liorer nos services<\/li>\n<\/ul>\n<h2>Utilisation de cookies<\/h2>\n<p>Lors d\u2019une visite du site, des \u00ab cookies \u00bb peuvent \u00eatre plac\u00e9s sur le disque dur de votre ordinateur.<\/p>\n<p>Un\u00a0<strong>cookie<\/strong>\u00a0est un fichier texte plac\u00e9 par le serveur d\u2019un site Internet dans le navigateur de votre ordinateur ou de votre appareil mobile lorsque vous consultez un site Internet. Les cookies ne peuvent pas \u00eatre utilis\u00e9s pour identifier des personnes, un cookie peut uniquement identifier une machine.<\/p>\n<table style=\"width: 100%; border-collapse: collapse;\" border=\"1px\">\n<tbody>\n<tr>\n<td style=\"width: 33.3333%;\"><strong>Nom du cookie<\/strong><\/td>\n<td style=\"width: 33.3333%;\"><strong>Finalit\u00e9<\/strong><\/td>\n<td style=\"width: 33.3333%;\"><strong>Dur\u00e9e de conservation<\/strong><\/td>\n<\/tr>\n<tr>\n<td style=\"width: 33.3333%;\">_gat<\/td>\n<td style=\"width: 33.3333%;\">Suivi de google analytics<\/td>\n<td style=\"width: 33.3333%;\">1 min<\/td>\n<\/tr>\n<tr>\n<td style=\"width: 33.3333%;\">_ga<\/td>\n<td style=\"width: 33.3333%;\">Suivi de google analytics<\/td>\n<td style=\"width: 33.3333%;\">13 mois<\/td>\n<\/tr>\n<tr>\n<td style=\"width: 33.3333%;\">_gid<\/td>\n<td style=\"width: 33.3333%;\">Suivi de google analytics<\/td>\n<td style=\"width: 33.3333%;\">24 heures<\/td>\n<\/tr>\n<\/tbody>\n<\/table>\n<p>Ce site utilise les cookies suivants :<\/p>\n<ul>\n<li><strong>Cookies propri\u00e9taires<\/strong>\n<ul>\n<li>n\u00e9cessaires au bon fonctionnement du site<\/li>\n<\/ul>\n<\/li>\n<li><strong>Cookies tiers<\/strong>(\u00e9mis et g\u00e9r\u00e9s par leur \u00e9diteur)\n<ul>\n<li>Cookies statistiques de\u00a0<a href=\"http:\/\/www.google.com\/analytics\/learn\/privacy.html\" target=\"_blank\" rel=\"noopener noreferrer\">Google analytics<\/a><\/li>\n<li>Cookies destin\u00e9s \u00e0 am\u00e9liorer l\u2019interactivit\u00e9 du site (partage r\u00e9seaux sociaux:\u00a0<a href=\"https:\/\/www.facebook.com\/policies\/cookies\/\" target=\"_blank\" rel=\"noopener noreferrer\">Facebook<\/a>)<\/li>\n<\/ul>\n<\/li>\n<\/ul>\n<p>Le refus d\u2019installer ces cookies peut entra\u00eener l\u2019impossibilit\u00e9 d\u2019acc\u00e9der \u00e0 certains services.<\/p>\n<p><strong>Chaque navigateur Internet propose ses propres param\u00e8tres de gestion des cookies<\/strong>. Pour savoir de quelle mani\u00e8re modifier vos pr\u00e9f\u00e9rences en mati\u00e8re de cookies, vous trouverez ci-dessous les liens vers l\u2019aide n\u00e9cessaire pour acc\u00e9der au menu de votre navigateur pr\u00e9vu \u00e0 cet effet :<\/p>\n<p><strong>Chrome<\/strong> : <a href=\"https:\/\/support.google.com\/chrome\/answer\/95647?hl=fr\" target=\"_blank\" rel=\"noopener noreferrer\">Lien\u00a0<\/a><br \/>\n<strong>Firefox<\/strong> : <a href=\"https:\/\/support.mozilla.org\/fr\/kb\/activer-desactiver-cookies\" target=\"_blank\" rel=\"noopener noreferrer\">Lien\u00a0<\/a><br \/>\n<strong>Internet Explorer<\/strong> : <a href=\"https:\/\/support.microsoft.com\/fr-fr\/help\/17442\/windows-internet-explorer-delete-manage-cookies#ie=ie-11\" target=\"_blank\" rel=\"noopener noreferrer\">Lien\u00a0<\/a><br \/>\n<strong>Opera<\/strong> : <a href=\"http:\/\/help.opera.com\/Windows\/10.20\/fr\/cookies.html\" target=\"_blank\" rel=\"noopener noreferrer\">Lien<\/a><br \/>\n<strong>Safari<\/strong> : <a href=\"https:\/\/support.apple.com\/kb\/PH21411?viewlocale=fr_FR&amp;locale=fr_FR\" target=\"_blank\" rel=\"noopener noreferrer\">Lien\u00a0<\/a><\/p>\n<p>Pour de plus amples informations concernant les outils de ma\u00eetrise des cookies, vous pouvez consulter le site internet de la CNIL :\u00a0<a href=\"https:\/\/www.cnil.fr\/fr\/cookies-les-outils-pour-les-maitriser\">https:\/\/www.cnil.fr\/fr\/cookies-les-outils-pour-les-maitriser<\/a>.<\/p>\n<p>La dur\u00e9e de conservation des cookies est de 13 mois.<\/p>\n<h2>Droit d\u2019acc\u00e8s, de rectification, d\u2019opposition et d\u2019effacement<\/h2>\n<p>Vous avez des droits concernant les donn\u00e9es personnelles que nous utilisons\u00a0: acc\u00e8s, rectification, opposition et effacement.\u00a0Chaque demande sera trait\u00e9e dans les 30 jours sous r\u00e9serve que vous rapportiez la preuve de votre identit\u00e9, notamment par la production d\u2019un scan de votre titre d\u2019identit\u00e9 valide (en cas de demande par mail) ou d\u2019une photocopie sign\u00e9e de votre titre d\u2019identit\u00e9 valide (en cas de demande adress\u00e9e par \u00e9crit).<\/p>\n<p>G\u00eete Lumi\u00e8res de Loire vous informe qu\u2019elle sera en droit, le cas \u00e9ch\u00e9ant, de s\u2019opposer aux demandes manifestement abusives (de par leur nombre, leur caract\u00e8re r\u00e9p\u00e9titif ou syst\u00e9matique).<\/p>\n<p>Pour exercer vos droits, vous pouvez :<\/p>\n<ul>\n<li>envoyer un e-mail \u00e0 l\u2019adresse suivante\u00a0: coyez[@]outlook.fr<\/li>\n<li>Pour vous aider dans votre d\u00e9marche, notamment si vous d\u00e9sirez exercer, pour votre propre compte ou pour le compte de l\u2019un de vos proches d\u00e9c\u00e9d\u00e9, votre droit de rectification par le biais d\u2019une demande \u00e9crite \u00e0 l\u2019adresse postale mentionn\u00e9e en d\u00e9but de document, vous trouverez un mod\u00e8le de courrier \u00e9labor\u00e9 par la CNIL.<\/li>\n<li><a href=\"Lien%20:%20https:\/www.cnil.fr\/fr\/modele\/courrier\/rectifier-des-donnees-inexactes-obsoletes-ou-perimees\">Lien : https:\/\/www.cnil.fr\/fr\/modele\/courrier\/rectifier-des-donnees-inexactes-obsoletes-ou-perimees<\/a><\/li>\n<\/ul>\n<h2>Plainte<\/h2>\n<p>Si vous consid\u00e9rez que G\u00eete Lumi\u00e8res de Loire ne respecte pas ses obligations au regard de vos informations personnelles, vous pouvez adresser une plainte ou une demande aupr\u00e8s de l\u2019autorit\u00e9 comp\u00e9tente. En France, l\u2019autorit\u00e9 comp\u00e9tente est la CNIL \u00e0 laquelle vous pouvez adresser une demande par voie \u00e9lectronique en cliquant sur le lien suivant :\u00a0<a href=\"https:\/\/www.cnil.fr\/fr\/plaintes\/internet\">https:\/\/www.cnil.fr\/fr\/plaintes\/internet<\/a>.<\/p>\n<\/div><div class=\"fusion-clearfix\"><\/div><\/div><\/div><\/div><\/div>\n","protected":false},"excerpt":{"rendered":"","protected":false},"author":1,"featured_media":0,"parent":0,"menu_order":0,"comment_status":"closed","ping_status":"closed","template":"","meta":{"footnotes":""},"class_list":["post-1564","page","type-page","status-publish","hentry"],"aioseo_notices":[],"_links":{"self":[{"href":"https:\/\/lumieres-de-loire.fr\/en\/wp-json\/wp\/v2\/pages\/1564","targetHints":{"allow":["GET"]}}],"collection":[{"href":"https:\/\/lumieres-de-loire.fr\/en\/wp-json\/wp\/v2\/pages"}],"about":[{"href":"https:\/\/lumieres-de-loire.fr\/en\/wp-json\/wp\/v2\/types\/page"}],"author":[{"embeddable":true,"href":"https:\/\/lumieres-de-loire.fr\/en\/wp-json\/wp\/v2\/users\/1"}],"replies":[{"embeddable":true,"href":"https:\/\/lumieres-de-loire.fr\/en\/wp-json\/wp\/v2\/comments?post=1564"}],"version-history":[{"count":3,"href":"https:\/\/lumieres-de-loire.fr\/en\/wp-json\/wp\/v2\/pages\/1564\/revisions"}],"predecessor-version":[{"id":1572,"href":"https:\/\/lumieres-de-loire.fr\/en\/wp-json\/wp\/v2\/pages\/1564\/revisions\/1572"}],"wp:attachment":[{"href":"https:\/\/lumieres-de-loire.fr\/en\/wp-json\/wp\/v2\/media?parent=1564"}],"curies":[{"name":"wp","href":"https:\/\/api.w.org\/{rel}","templated":true}]}}